{"id":18,"date":"2023-04-26T11:13:31","date_gmt":"2023-04-26T09:13:31","guid":{"rendered":"http:\/\/4webzones.pl\/biznessoft\/?page_id=18"},"modified":"2023-06-29T15:57:34","modified_gmt":"2023-06-29T13:57:34","slug":"o-nas","status":"publish","type":"page","link":"https:\/\/4webzones.pl\/biznessoft\/o-nas\/","title":{"rendered":"O nas"},"content":{"rendered":"\t\t<div data-elementor-type=\"wp-page\" data-elementor-id=\"18\" class=\"elementor elementor-18\" data-elementor-post-type=\"page\">\n\t\t\t\t\t\t\t<div class=\"elementor-element elementor-element-4f8e956 e-con-full h5 e-flex e-con\" data-id=\"4f8e956\" data-element_type=\"container\" data-settings=\"{&quot;content_width&quot;:&quot;full&quot;,&quot;jet_parallax_layout_list&quot;:[]}\">\n\t\t<div class=\"elementor-element elementor-element-bc195bf e-con-full e-flex e-con\" data-id=\"bc195bf\" data-element_type=\"container\" data-settings=\"{&quot;content_width&quot;:&quot;full&quot;,&quot;jet_parallax_layout_list&quot;:[]}\">\n\t\t<div class=\"elementor-element elementor-element-1b2128a e-flex e-con-boxed e-con\" data-id=\"1b2128a\" data-element_type=\"container\" data-settings=\"{&quot;jet_parallax_layout_list&quot;:[],&quot;content_width&quot;:&quot;boxed&quot;}\">\n\t\t\t\t\t<div class=\"e-con-inner\">\n\t\t\t\t<div class=\"elementor-element elementor-element-0f1f3dc elementor-widget elementor-widget-image\" data-id=\"0f1f3dc\" data-element_type=\"widget\" data-widget_type=\"image.default\">\n\t\t\t\t<div class=\"elementor-widget-container\">\n\t\t\t<style>\/*! elementor - v3.14.0 - 26-06-2023 *\/\n.elementor-widget-image{text-align:center}.elementor-widget-image a{display:inline-block}.elementor-widget-image a img[src$=\".svg\"]{width:48px}.elementor-widget-image img{vertical-align:middle;display:inline-block}<\/style>\t\t\t\t\t\t\t\t\t\t\t\t<img loading=\"lazy\" decoding=\"async\" width=\"100\" height=\"100\" src=\"https:\/\/4webzones.pl\/biznessoft\/wp-content\/uploads\/2023\/04\/logo-poziom.svg\" class=\"attachment-large size-large wp-image-46\" alt=\"\" \/>\t\t\t\t\t\t\t\t\t\t\t\t\t\t\t<\/div>\n\t\t\t\t<\/div>\n\t\t\t\t<div class=\"elementor-element elementor-element-8c2c465 elementor-widget elementor-widget-heading\" data-id=\"8c2c465\" data-element_type=\"widget\" data-widget_type=\"heading.default\">\n\t\t\t\t<div class=\"elementor-widget-container\">\n\t\t\t<style>\/*! elementor - v3.14.0 - 26-06-2023 *\/\n.elementor-heading-title{padding:0;margin:0;line-height:1}.elementor-widget-heading .elementor-heading-title[class*=elementor-size-]>a{color:inherit;font-size:inherit;line-height:inherit}.elementor-widget-heading .elementor-heading-title.elementor-size-small{font-size:15px}.elementor-widget-heading .elementor-heading-title.elementor-size-medium{font-size:19px}.elementor-widget-heading .elementor-heading-title.elementor-size-large{font-size:29px}.elementor-widget-heading .elementor-heading-title.elementor-size-xl{font-size:39px}.elementor-widget-heading .elementor-heading-title.elementor-size-xxl{font-size:59px}<\/style><h4 class=\"elementor-heading-title elementor-size-default\"><b>Lider<\/b> we wdra\u017caniu rozwi\u0105za\u0144 IT <br>dla ma\u0142ych i \u015brednich firm<\/h4>\t\t<\/div>\n\t\t\t\t<\/div>\n\t\t\t\t<div class=\"elementor-element elementor-element-031c936 elementor-widget elementor-widget-text-editor\" data-id=\"031c936\" data-element_type=\"widget\" data-widget_type=\"text-editor.default\">\n\t\t\t\t<div class=\"elementor-widget-container\">\n\t\t\t<style>\/*! elementor - v3.14.0 - 26-06-2023 *\/\n.elementor-widget-text-editor.elementor-drop-cap-view-stacked .elementor-drop-cap{background-color:#69727d;color:#fff}.elementor-widget-text-editor.elementor-drop-cap-view-framed .elementor-drop-cap{color:#69727d;border:3px solid;background-color:transparent}.elementor-widget-text-editor:not(.elementor-drop-cap-view-default) .elementor-drop-cap{margin-top:8px}.elementor-widget-text-editor:not(.elementor-drop-cap-view-default) .elementor-drop-cap-letter{width:1em;height:1em}.elementor-widget-text-editor .elementor-drop-cap{float:left;text-align:center;line-height:1;font-size:50px}.elementor-widget-text-editor .elementor-drop-cap-letter{display:inline-block}<\/style>\t\t\t\t<p>Posiadamy du\u017ce do\u015bwiadczenie we wdra\u017caniu rozwi\u0105za\u0144 IT dla ma\u0142ych i \u015brednich firm. Pomagamy naszym klientom w optymalizacji proces\u00f3w biznesowych i zwi\u0119kszaniu wydajno\u015bci.<\/p><p>\u00a0<br \/>Niestraszne nam magazyny, logistyka, planowanie dostaw, obs\u0142uga klienta, sprzeda\u017c, finanse, zarz\u0105dzanie personelem oraz planowanie strategiczne i operacyjne przy u\u017cyciu narz\u0119dzi Business Intelligence.<\/p>\t\t\t\t\t\t<\/div>\n\t\t\t\t<\/div>\n\t\t\t\t<div class=\"elementor-element elementor-element-96abacf elementor-widget elementor-widget-heading\" data-id=\"96abacf\" data-element_type=\"widget\" data-widget_type=\"heading.default\">\n\t\t\t\t<div class=\"elementor-widget-container\">\n\t\t\t<h4 class=\"elementor-heading-title elementor-size-default\">Jeste\u015bmy partnerem<\/h4>\t\t<\/div>\n\t\t\t\t<\/div>\n\t\t<div class=\"elementor-element elementor-element-04bc569 e-flex e-con-boxed e-con\" data-id=\"04bc569\" data-element_type=\"container\" data-settings=\"{&quot;jet_parallax_layout_list&quot;:[],&quot;content_width&quot;:&quot;boxed&quot;}\">\n\t\t\t\t\t<div class=\"e-con-inner\">\n\t\t\t\t<div class=\"elementor-element elementor-element-6a5d51f elementor-widget elementor-widget-image\" data-id=\"6a5d51f\" data-element_type=\"widget\" data-settings=\"{&quot;_animation&quot;:&quot;none&quot;}\" data-widget_type=\"image.default\">\n\t\t\t\t<div class=\"elementor-widget-container\">\n\t\t\t\t\t\t\t\t\t\t\t\t\t\t\t<img loading=\"lazy\" decoding=\"async\" width=\"300\" height=\"64\" src=\"https:\/\/4webzones.pl\/biznessoft\/wp-content\/uploads\/2023\/05\/partner-4.png\" class=\"attachment-large size-large wp-image-457\" alt=\"\" \/>\t\t\t\t\t\t\t\t\t\t\t\t\t\t\t<\/div>\n\t\t\t\t<\/div>\n\t\t\t\t<div class=\"elementor-element elementor-element-5f19926 elementor-widget elementor-widget-image\" data-id=\"5f19926\" data-element_type=\"widget\" data-widget_type=\"image.default\">\n\t\t\t\t<div class=\"elementor-widget-container\">\n\t\t\t\t\t\t\t\t\t\t\t\t\t\t\t<img loading=\"lazy\" decoding=\"async\" width=\"300\" height=\"102\" src=\"https:\/\/4webzones.pl\/biznessoft\/wp-content\/uploads\/2023\/05\/partner-1.png\" class=\"attachment-large size-large wp-image-458\" alt=\"\" \/>\t\t\t\t\t\t\t\t\t\t\t\t\t\t\t<\/div>\n\t\t\t\t<\/div>\n\t\t\t\t<div class=\"elementor-element elementor-element-2244a22 elementor-widget elementor-widget-image\" data-id=\"2244a22\" data-element_type=\"widget\" data-widget_type=\"image.default\">\n\t\t\t\t<div class=\"elementor-widget-container\">\n\t\t\t\t\t\t\t\t\t\t\t\t\t\t\t<img loading=\"lazy\" decoding=\"async\" width=\"300\" height=\"58\" src=\"https:\/\/4webzones.pl\/biznessoft\/wp-content\/uploads\/2023\/05\/partner-1.jpg\" class=\"attachment-large size-large wp-image-462\" alt=\"\" \/>\t\t\t\t\t\t\t\t\t\t\t\t\t\t\t<\/div>\n\t\t\t\t<\/div>\n\t\t\t\t<div class=\"elementor-element elementor-element-e17bb93 elementor-widget elementor-widget-image\" data-id=\"e17bb93\" data-element_type=\"widget\" data-widget_type=\"image.default\">\n\t\t\t\t<div class=\"elementor-widget-container\">\n\t\t\t\t\t\t\t\t\t\t\t\t\t\t\t<img loading=\"lazy\" decoding=\"async\" width=\"77\" height=\"75\" src=\"https:\/\/4webzones.pl\/biznessoft\/wp-content\/uploads\/2023\/05\/partner-3.png\" class=\"attachment-large size-large wp-image-461\" alt=\"\" \/>\t\t\t\t\t\t\t\t\t\t\t\t\t\t\t<\/div>\n\t\t\t\t<\/div>\n\t\t\t\t<div class=\"elementor-element elementor-element-501b6d2 elementor-widget elementor-widget-image\" data-id=\"501b6d2\" data-element_type=\"widget\" data-widget_type=\"image.default\">\n\t\t\t\t<div class=\"elementor-widget-container\">\n\t\t\t\t\t\t\t\t\t\t\t\t\t\t\t<img loading=\"lazy\" decoding=\"async\" width=\"300\" height=\"174\" src=\"https:\/\/4webzones.pl\/biznessoft\/wp-content\/uploads\/2023\/05\/partner-2.png\" class=\"attachment-large size-large wp-image-460\" alt=\"\" \/>\t\t\t\t\t\t\t\t\t\t\t\t\t\t\t<\/div>\n\t\t\t\t<\/div>\n\t\t\t\t<div class=\"elementor-element elementor-element-54b86fc elementor-widget elementor-widget-image\" data-id=\"54b86fc\" data-element_type=\"widget\" data-widget_type=\"image.default\">\n\t\t\t\t<div class=\"elementor-widget-container\">\n\t\t\t\t\t\t\t\t\t\t\t\t\t\t\t<img loading=\"lazy\" decoding=\"async\" width=\"240\" height=\"34\" src=\"https:\/\/4webzones.pl\/biznessoft\/wp-content\/uploads\/2023\/05\/partner-1.gif\" class=\"attachment-large size-large wp-image-459\" alt=\"\" \/>\t\t\t\t\t\t\t\t\t\t\t\t\t\t\t<\/div>\n\t\t\t\t<\/div>\n\t\t\t\t\t<\/div>\n\t\t\t\t<\/div>\n\t\t\t\t\t<\/div>\n\t\t\t\t<\/div>\n\t\t\t\t<\/div>\n\t\t\t\t<\/div>\n\t\t\t\t\t\t\t<\/div>\n\t\t","protected":false},"excerpt":{"rendered":"<p>Lider we wdra\u017caniu rozwi\u0105za\u0144 IT dla ma\u0142ych i \u015brednich firm Posiadamy du\u017ce do\u015bwiadczenie we wdra\u017caniu rozwi\u0105za\u0144 IT dla ma\u0142ych i \u015brednich firm. Pomagamy naszym klientom w optymalizacji proces\u00f3w biznesowych i zwi\u0119kszaniu wydajno\u015bci. \u00a0Niestraszne nam magazyny, logistyka, planowanie dostaw, obs\u0142uga klienta, sprzeda\u017c, finanse, zarz\u0105dzanie personelem oraz planowanie strategiczne i operacyjne przy u\u017cyciu narz\u0119dzi Business Intelligence. Jeste\u015bmy [&hellip;]<\/p>\n","protected":false},"author":1,"featured_media":0,"parent":0,"menu_order":0,"comment_status":"closed","ping_status":"closed","template":"","meta":{"footnotes":""},"class_list":["post-18","page","type-page","status-publish","hentry"],"_links":{"self":[{"href":"https:\/\/4webzones.pl\/biznessoft\/wp-json\/wp\/v2\/pages\/18","targetHints":{"allow":["GET"]}}],"collection":[{"href":"https:\/\/4webzones.pl\/biznessoft\/wp-json\/wp\/v2\/pages"}],"about":[{"href":"https:\/\/4webzones.pl\/biznessoft\/wp-json\/wp\/v2\/types\/page"}],"author":[{"embeddable":true,"href":"https:\/\/4webzones.pl\/biznessoft\/wp-json\/wp\/v2\/users\/1"}],"replies":[{"embeddable":true,"href":"https:\/\/4webzones.pl\/biznessoft\/wp-json\/wp\/v2\/comments?post=18"}],"version-history":[{"count":4,"href":"https:\/\/4webzones.pl\/biznessoft\/wp-json\/wp\/v2\/pages\/18\/revisions"}],"predecessor-version":[{"id":1513,"href":"https:\/\/4webzones.pl\/biznessoft\/wp-json\/wp\/v2\/pages\/18\/revisions\/1513"}],"wp:attachment":[{"href":"https:\/\/4webzones.pl\/biznessoft\/wp-json\/wp\/v2\/media?parent=18"}],"curies":[{"name":"wp","href":"https:\/\/api.w.org\/{rel}","templated":true}]}}