{"id":83,"date":"2023-11-16T11:28:38","date_gmt":"2023-11-16T10:28:38","guid":{"rendered":"http:\/\/4webzones.pl\/alpimo\/?page_id=83"},"modified":"2024-02-06T02:25:05","modified_gmt":"2024-02-06T01:25:05","slug":"cennik","status":"publish","type":"page","link":"https:\/\/4webzones.pl\/alpimo\/cennik\/","title":{"rendered":"Cennik"},"content":{"rendered":"\t\t<div data-elementor-type=\"wp-page\" data-elementor-id=\"83\" class=\"elementor elementor-83\" data-elementor-post-type=\"page\">\n\t\t\t\t\t\t\t<div class=\"elementor-element elementor-element-9d27e14 e-con-full c2 e-flex e-con e-parent\" data-id=\"9d27e14\" data-element_type=\"container\" data-settings=\"{&quot;content_width&quot;:&quot;full&quot;,&quot;container_type&quot;:&quot;flex&quot;}\" data-core-v316-plus=\"true\">\n\t\t\t\t<div class=\"elementor-element elementor-element-0c1b41e elementor-widget elementor-widget-heading\" data-id=\"0c1b41e\" data-element_type=\"widget\" data-widget_type=\"heading.default\">\n\t\t\t\t<div class=\"elementor-widget-container\">\n\t\t\t<style>\/*! elementor - v3.17.0 - 08-11-2023 *\/\n.elementor-heading-title{padding:0;margin:0;line-height:1}.elementor-widget-heading .elementor-heading-title[class*=elementor-size-]>a{color:inherit;font-size:inherit;line-height:inherit}.elementor-widget-heading .elementor-heading-title.elementor-size-small{font-size:15px}.elementor-widget-heading .elementor-heading-title.elementor-size-medium{font-size:19px}.elementor-widget-heading .elementor-heading-title.elementor-size-large{font-size:29px}.elementor-widget-heading .elementor-heading-title.elementor-size-xl{font-size:39px}.elementor-widget-heading .elementor-heading-title.elementor-size-xxl{font-size:59px}<\/style><span class=\"elementor-heading-title elementor-size-default\">Nasza firma prowadzi sprzeda\u017c soli drogowej, pozyskiwanej z najlepszych kopal\u0144 w kraju i za granic\u0105. Nasz asortyment zawiera wysokojako\u015bciowe materia\u0142y, kt\u00f3re s\u0142u\u017c\u0105 g\u0142\u00f3wnie do utrzymywania jezdni i chodnik\u00f3w podczas trwaj\u0105cej zimy. Ich zadaniem jest zapewnienie bezpiecze\u0144stwa na powierzchniach pokrytych \u015bniegiem i lodem. S\u0105 rozwi\u0105zaniem wydajnym i skutecznym. Proponujemy atrakcyjne ceny chlorku wapnia oraz soli drogowej, kt\u00f3re s\u0105 dost\u0119pne luzem, w workach i big bagach o r\u00f3\u017cnej pojemno\u015bci. Dzi\u0119ki sprawdzonym \u017ar\u00f3d\u0142om, do\u015bwiadczeniu w bran\u017cy oraz sta\u0142emu rozwojowi naszej firmy mo\u017cemy zapewni\u0107 produkty, kt\u00f3re nie tylko spe\u0142niaj\u0105 oczekiwania Klient\u00f3w, ale tak\u017ce posiadaj\u0105 najwa\u017cniejsze atesty i certyfikaty. Proponujemy tak\u017ce ofert\u0119 indywidualnie dostosowan\u0105 do potrzeb i wymaga\u0144 ka\u017cdego z naszych Klient\u00f3w.<\/span>\t\t<\/div>\n\t\t\t\t<\/div>\n\t\t\t\t<\/div>\n\t\t<div class=\"elementor-element elementor-element-e08c361 e-con-full c3 e-flex e-con e-parent\" data-id=\"e08c361\" data-element_type=\"container\" data-settings=\"{&quot;content_width&quot;:&quot;full&quot;,&quot;container_type&quot;:&quot;flex&quot;}\" data-core-v316-plus=\"true\">\n\t\t<div class=\"elementor-element elementor-element-ed23b97 e-con-full e-grid tab e-con e-child\" data-id=\"ed23b97\" data-element_type=\"container\" data-settings=\"{&quot;content_width&quot;:&quot;full&quot;,&quot;container_type&quot;:&quot;grid&quot;,&quot;grid_columns_grid&quot;:{&quot;unit&quot;:&quot;custom&quot;,&quot;size&quot;:&quot;.8fr 1fr&quot;,&quot;sizes&quot;:[]},&quot;grid_columns_grid_tablet&quot;:{&quot;unit&quot;:&quot;custom&quot;,&quot;size&quot;:&quot;&quot;,&quot;sizes&quot;:[]},&quot;grid_columns_grid_mobile&quot;:{&quot;unit&quot;:&quot;custom&quot;,&quot;size&quot;:&quot;1fr 1fr&quot;,&quot;sizes&quot;:[]},&quot;grid_rows_grid&quot;:{&quot;unit&quot;:&quot;custom&quot;,&quot;size&quot;:&quot;auto&quot;,&quot;sizes&quot;:[]},&quot;grid_rows_grid_tablet&quot;:{&quot;unit&quot;:&quot;custom&quot;,&quot;size&quot;:&quot;&quot;,&quot;sizes&quot;:[]},&quot;grid_rows_grid_mobile&quot;:{&quot;unit&quot;:&quot;custom&quot;,&quot;size&quot;:&quot;&quot;,&quot;sizes&quot;:[]},&quot;grid_outline&quot;:&quot;yes&quot;,&quot;grid_auto_flow&quot;:&quot;row&quot;,&quot;grid_auto_flow_tablet&quot;:&quot;row&quot;,&quot;grid_auto_flow_mobile&quot;:&quot;row&quot;}\">\n\t\t\t\t<div class=\"elementor-element elementor-element-e5aa70f hn elementor-widget elementor-widget-heading\" data-id=\"e5aa70f\" data-element_type=\"widget\" data-widget_type=\"heading.default\">\n\t\t\t\t<div class=\"elementor-widget-container\">\n\t\t\t<h6 class=\"elementor-heading-title elementor-size-default\">Asortyment<\/h6>\t\t<\/div>\n\t\t\t\t<\/div>\n\t\t\t\t<div class=\"elementor-element elementor-element-8724080 hn elementor-widget elementor-widget-heading\" data-id=\"8724080\" data-element_type=\"widget\" data-widget_type=\"heading.default\">\n\t\t\t\t<div class=\"elementor-widget-container\">\n\t\t\t<h6 class=\"elementor-heading-title elementor-size-default\">Cena netto za 1 ton\u0119<\/h6>\t\t<\/div>\n\t\t\t\t<\/div>\n\t\t\t\t<div class=\"elementor-element elementor-element-3b9d5d5 elementor-widget elementor-widget-heading\" data-id=\"3b9d5d5\" data-element_type=\"widget\" data-widget_type=\"heading.default\">\n\t\t\t\t<div class=\"elementor-widget-container\">\n\t\t\t<h6 class=\"elementor-heading-title elementor-size-default\">S\u00f3l drogowa techniczna luzem <\/h6>\t\t<\/div>\n\t\t\t\t<\/div>\n\t\t\t\t<div class=\"elementor-element elementor-element-934452f elementor-widget elementor-widget-heading\" data-id=\"934452f\" data-element_type=\"widget\" data-widget_type=\"heading.default\">\n\t\t\t\t<div class=\"elementor-widget-container\">\n\t\t\t<h6 class=\"elementor-heading-title elementor-size-default\">od 250 z\u0142 *<\/h6>\t\t<\/div>\n\t\t\t\t<\/div>\n\t\t\t\t<div class=\"elementor-element elementor-element-e1c17ed elementor-widget elementor-widget-heading\" data-id=\"e1c17ed\" data-element_type=\"widget\" data-widget_type=\"heading.default\">\n\t\t\t\t<div class=\"elementor-widget-container\">\n\t\t\t<h6 class=\"elementor-heading-title elementor-size-default\">S\u00f3l drogowa kamienna luzem <\/h6>\t\t<\/div>\n\t\t\t\t<\/div>\n\t\t\t\t<div class=\"elementor-element elementor-element-8139df2 elementor-widget elementor-widget-heading\" data-id=\"8139df2\" data-element_type=\"widget\" data-widget_type=\"heading.default\">\n\t\t\t\t<div class=\"elementor-widget-container\">\n\t\t\t<h6 class=\"elementor-heading-title elementor-size-default\">od 350 z\u0142 *<\/h6>\t\t<\/div>\n\t\t\t\t<\/div>\n\t\t\t\t<div class=\"elementor-element elementor-element-7bf6aa6 elementor-widget elementor-widget-heading\" data-id=\"7bf6aa6\" data-element_type=\"widget\" data-widget_type=\"heading.default\">\n\t\t\t\t<div class=\"elementor-widget-container\">\n\t\t\t<h6 class=\"elementor-heading-title elementor-size-default\">S\u00f3l drogowa big bag <\/h6>\t\t<\/div>\n\t\t\t\t<\/div>\n\t\t\t\t<div class=\"elementor-element elementor-element-4a9d7e5 elementor-widget elementor-widget-heading\" data-id=\"4a9d7e5\" data-element_type=\"widget\" data-widget_type=\"heading.default\">\n\t\t\t\t<div class=\"elementor-widget-container\">\n\t\t\t<h6 class=\"elementor-heading-title elementor-size-default\">od 500 z\u0142 *<\/h6>\t\t<\/div>\n\t\t\t\t<\/div>\n\t\t\t\t<div class=\"elementor-element elementor-element-64778f0 elementor-widget elementor-widget-heading\" data-id=\"64778f0\" data-element_type=\"widget\" data-widget_type=\"heading.default\">\n\t\t\t\t<div class=\"elementor-widget-container\">\n\t\t\t<h6 class=\"elementor-heading-title elementor-size-default\">S\u00f3l drogowa worek 50 kg <\/h6>\t\t<\/div>\n\t\t\t\t<\/div>\n\t\t\t\t<div class=\"elementor-element elementor-element-8369e75 elementor-widget elementor-widget-heading\" data-id=\"8369e75\" data-element_type=\"widget\" data-widget_type=\"heading.default\">\n\t\t\t\t<div class=\"elementor-widget-container\">\n\t\t\t<h6 class=\"elementor-heading-title elementor-size-default\">od 650 z\u0142 *<\/h6>\t\t<\/div>\n\t\t\t\t<\/div>\n\t\t\t\t<div class=\"elementor-element elementor-element-0daab8c elementor-widget elementor-widget-heading\" data-id=\"0daab8c\" data-element_type=\"widget\" data-widget_type=\"heading.default\">\n\t\t\t\t<div class=\"elementor-widget-container\">\n\t\t\t<h6 class=\"elementor-heading-title elementor-size-default\">Chlorek wapnia worek 25 kg <\/h6>\t\t<\/div>\n\t\t\t\t<\/div>\n\t\t\t\t<div class=\"elementor-element elementor-element-e02aab0 elementor-widget elementor-widget-heading\" data-id=\"e02aab0\" data-element_type=\"widget\" data-widget_type=\"heading.default\">\n\t\t\t\t<div class=\"elementor-widget-container\">\n\t\t\t<h6 class=\"elementor-heading-title elementor-size-default\">od 2600 z\u0142 *<\/h6>\t\t<\/div>\n\t\t\t\t<\/div>\n\t\t\t\t<div class=\"elementor-element elementor-element-4710bed elementor-widget elementor-widget-heading\" data-id=\"4710bed\" data-element_type=\"widget\" data-widget_type=\"heading.default\">\n\t\t\t\t<div class=\"elementor-widget-container\">\n\t\t\t<h6 class=\"elementor-heading-title elementor-size-default\">Chlorek wapnia worek 25 kg <\/h6>\t\t<\/div>\n\t\t\t\t<\/div>\n\t\t\t\t<div class=\"elementor-element elementor-element-64bd9dd elementor-widget elementor-widget-heading\" data-id=\"64bd9dd\" data-element_type=\"widget\" data-widget_type=\"heading.default\">\n\t\t\t\t<div class=\"elementor-widget-container\">\n\t\t\t<h6 class=\"elementor-heading-title elementor-size-default\">od 2500 z\u0142 * <i>przy zakupie jednorazowym min 24 tony<\/i><\/h6>\t\t<\/div>\n\t\t\t\t<\/div>\n\t\t\t\t<div class=\"elementor-element elementor-element-adb86cb elementor-widget elementor-widget-heading\" data-id=\"adb86cb\" data-element_type=\"widget\" data-widget_type=\"heading.default\">\n\t\t\t\t<div class=\"elementor-widget-container\">\n\t\t\t<h6 class=\"elementor-heading-title elementor-size-default\">Chlorek magnezu worek 25 kg <\/h6>\t\t<\/div>\n\t\t\t\t<\/div>\n\t\t\t\t<div class=\"elementor-element elementor-element-8072ecf elementor-widget elementor-widget-heading\" data-id=\"8072ecf\" data-element_type=\"widget\" data-widget_type=\"heading.default\">\n\t\t\t\t<div class=\"elementor-widget-container\">\n\t\t\t<h6 class=\"elementor-heading-title elementor-size-default\">od 2350 z\u0142<\/h6>\t\t<\/div>\n\t\t\t\t<\/div>\n\t\t\t\t<div class=\"elementor-element elementor-element-480942b elementor-widget elementor-widget-heading\" data-id=\"480942b\" data-element_type=\"widget\" data-widget_type=\"heading.default\">\n\t\t\t\t<div class=\"elementor-widget-container\">\n\t\t\t<h6 class=\"elementor-heading-title elementor-size-default\">Chlorek magnezu worek 25 kg <\/h6>\t\t<\/div>\n\t\t\t\t<\/div>\n\t\t\t\t<div class=\"elementor-element elementor-element-29074f7 elementor-widget elementor-widget-heading\" data-id=\"29074f7\" data-element_type=\"widget\" data-widget_type=\"heading.default\">\n\t\t\t\t<div class=\"elementor-widget-container\">\n\t\t\t<h6 class=\"elementor-heading-title elementor-size-default\">od 2000 z\u0142 <i>przy zakupie jednorazowym min 25 ton<\/i><\/h6>\t\t<\/div>\n\t\t\t\t<\/div>\n\t\t\t\t<\/div>\n\t\t<div class=\"elementor-element elementor-element-d08ee3b e-con-full e-flex e-con e-child\" data-id=\"d08ee3b\" data-element_type=\"container\" data-settings=\"{&quot;content_width&quot;:&quot;full&quot;,&quot;container_type&quot;:&quot;flex&quot;}\">\n\t\t\t\t<div class=\"elementor-element elementor-element-e647649 elementor-widget elementor-widget-heading\" data-id=\"e647649\" data-element_type=\"widget\" data-widget_type=\"heading.default\">\n\t\t\t\t<div class=\"elementor-widget-container\">\n\t\t\t<span class=\"elementor-heading-title elementor-size-default\">*Ceny produkt\u00f3w uzale\u017cnione s\u0105 od ilo\u015bci i terminu zam\u00f3wionego towaru.\nMog\u0105 si\u0119 r\u00f3\u017cni\u0107 w stosunku do cen podanych powy\u017cej. Ka\u017cdorazowo zach\u0119camy naszych klient\u00f3w do bezpo\u015bredniego kontaktu z nasz\u0105 firm\u0105. Przygotujemy dla Pa\u0144stwa najbardziej aktualn\u0105 ofert\u0119.\n<br><br>\nOferujemy r\u00f3wnie\u017c transport. Ceny kalkulowane s\u0105 indywidualnie dla ka\u017cdego klienta.<\/span>\t\t<\/div>\n\t\t\t\t<\/div>\n\t\t\t\t<\/div>\n\t\t\t\t<\/div>\n\t\t\t\t\t\t\t<\/div>\n\t\t","protected":false},"excerpt":{"rendered":"<p>Nasza firma prowadzi sprzeda\u017c soli drogowej, pozyskiwanej z najlepszych kopal\u0144 w kraju i za granic\u0105. Nasz asortyment zawiera wysokojako\u015bciowe materia\u0142y, kt\u00f3re s\u0142u\u017c\u0105 g\u0142\u00f3wnie do utrzymywania jezdni i chodnik\u00f3w podczas trwaj\u0105cej zimy. Ich zadaniem jest zapewnienie bezpiecze\u0144stwa na powierzchniach pokrytych \u015bniegiem i lodem. S\u0105 rozwi\u0105zaniem wydajnym i skutecznym. Proponujemy atrakcyjne ceny chlorku wapnia oraz soli drogowej, [&hellip;]<\/p>\n","protected":false},"author":1,"featured_media":0,"parent":0,"menu_order":0,"comment_status":"closed","ping_status":"closed","template":"","meta":{"footnotes":""},"class_list":["post-83","page","type-page","status-publish","hentry"],"_links":{"self":[{"href":"https:\/\/4webzones.pl\/alpimo\/wp-json\/wp\/v2\/pages\/83","targetHints":{"allow":["GET"]}}],"collection":[{"href":"https:\/\/4webzones.pl\/alpimo\/wp-json\/wp\/v2\/pages"}],"about":[{"href":"https:\/\/4webzones.pl\/alpimo\/wp-json\/wp\/v2\/types\/page"}],"author":[{"embeddable":true,"href":"https:\/\/4webzones.pl\/alpimo\/wp-json\/wp\/v2\/users\/1"}],"replies":[{"embeddable":true,"href":"https:\/\/4webzones.pl\/alpimo\/wp-json\/wp\/v2\/comments?post=83"}],"version-history":[{"count":64,"href":"https:\/\/4webzones.pl\/alpimo\/wp-json\/wp\/v2\/pages\/83\/revisions"}],"predecessor-version":[{"id":702,"href":"https:\/\/4webzones.pl\/alpimo\/wp-json\/wp\/v2\/pages\/83\/revisions\/702"}],"wp:attachment":[{"href":"https:\/\/4webzones.pl\/alpimo\/wp-json\/wp\/v2\/media?parent=83"}],"curies":[{"name":"wp","href":"https:\/\/api.w.org\/{rel}","templated":true}]}}